{"id":119,"date":"2020-08-14T15:24:44","date_gmt":"2020-08-14T13:24:44","guid":{"rendered":"https:\/\/www.urlaub-erlenbach.de\/?page_id=119"},"modified":"2020-08-26T19:07:51","modified_gmt":"2020-08-26T17:07:51","slug":"weinlehrpfad-erlenbach","status":"publish","type":"page","link":"https:\/\/www.urlaub-erlenbach.de\/index.php\/weinlehrpfad-erlenbach\/","title":{"rendered":"Weinlehrpfad Erlenbach"},"content":{"rendered":"\n<h2 class=\"wp-block-heading\">Weinlehrpfad Erlenbach<\/h2>\n\n\n\n<p>Unser Weinlehrpfad befindet sich oberhalb der Schulstra\u00dfe und beginnt am Burkardus-Denkmal. F\u00fcr Weintrinker und Interessierte eine Information \u00fcber Weinsorten, Weinbau usw.<\/p>\n\n\n\n<p>Mehr k\u00f6nnen Sie unter <a href=\"https:\/\/www.weinbauverein-erlenbach.de\/start\/weinlehrpfad\/\">https:\/\/www.weinbauverein-erlenbach.de\/start\/weinlehrpfad\/<\/a> erfahren.<\/p>\n\n\n\n<figure class=\"wp-block-gallery columns-2 is-cropped wp-block-gallery-1 is-layout-flex wp-block-gallery-is-layout-flex\"><ul class=\"blocks-gallery-grid\"><li class=\"blocks-gallery-item\"><figure><img loading=\"lazy\" decoding=\"async\" width=\"1024\" height=\"768\" src=\"https:\/\/www.urlaub-erlenbach.de\/wp-content\/uploads\/2020\/08\/weinlehrpfad_erlenbach_1-1024x768.jpeg\" alt=\"\" data-id=\"117\" data-full-url=\"https:\/\/www.urlaub-erlenbach.de\/wp-content\/uploads\/2020\/08\/weinlehrpfad_erlenbach_1.jpeg\" data-link=\"https:\/\/www.urlaub-erlenbach.de\/weinlehrpfad_erlenbach_1\/\" class=\"wp-image-117\" srcset=\"https:\/\/www.urlaub-erlenbach.de\/wp-content\/uploads\/2020\/08\/weinlehrpfad_erlenbach_1-1024x768.jpeg 1024w, https:\/\/www.urlaub-erlenbach.de\/wp-content\/uploads\/2020\/08\/weinlehrpfad_erlenbach_1-300x225.jpeg 300w, https:\/\/www.urlaub-erlenbach.de\/wp-content\/uploads\/2020\/08\/weinlehrpfad_erlenbach_1-768x576.jpeg 768w, https:\/\/www.urlaub-erlenbach.de\/wp-content\/uploads\/2020\/08\/weinlehrpfad_erlenbach_1-1536x1152.jpeg 1536w, https:\/\/www.urlaub-erlenbach.de\/wp-content\/uploads\/2020\/08\/weinlehrpfad_erlenbach_1.jpeg 1600w\" sizes=\"(max-width: 1024px) 100vw, 1024px\" \/><\/figure><\/li><li class=\"blocks-gallery-item\"><figure><img loading=\"lazy\" decoding=\"async\" width=\"1024\" height=\"768\" src=\"https:\/\/www.urlaub-erlenbach.de\/wp-content\/uploads\/2020\/08\/weinlehrpfad_erlenbach_2-1024x768.jpeg\" alt=\"\" data-id=\"118\" data-full-url=\"https:\/\/www.urlaub-erlenbach.de\/wp-content\/uploads\/2020\/08\/weinlehrpfad_erlenbach_2.jpeg\" data-link=\"https:\/\/www.urlaub-erlenbach.de\/weinlehrpfad_erlenbach_2\/\" class=\"wp-image-118\" srcset=\"https:\/\/www.urlaub-erlenbach.de\/wp-content\/uploads\/2020\/08\/weinlehrpfad_erlenbach_2-1024x768.jpeg 1024w, https:\/\/www.urlaub-erlenbach.de\/wp-content\/uploads\/2020\/08\/weinlehrpfad_erlenbach_2-300x225.jpeg 300w, https:\/\/www.urlaub-erlenbach.de\/wp-content\/uploads\/2020\/08\/weinlehrpfad_erlenbach_2-768x576.jpeg 768w, https:\/\/www.urlaub-erlenbach.de\/wp-content\/uploads\/2020\/08\/weinlehrpfad_erlenbach_2-1536x1152.jpeg 1536w, https:\/\/www.urlaub-erlenbach.de\/wp-content\/uploads\/2020\/08\/weinlehrpfad_erlenbach_2.jpeg 1600w\" sizes=\"(max-width: 1024px) 100vw, 1024px\" \/><\/figure><\/li><\/ul><\/figure>\n","protected":false},"excerpt":{"rendered":"<p>Weinlehrpfad Erlenbach Unser Weinlehrpfad befindet sich oberhalb der Schulstra\u00dfe und beginnt am Burkardus-Denkmal. F\u00fcr Weintrinker und Interessierte eine Information \u00fcber Weinsorten, Weinbau usw. Mehr k\u00f6nnen Sie unter https:\/\/www.weinbauverein-erlenbach.de\/start\/weinlehrpfad\/ erfahren.<\/p>\n","protected":false},"author":1,"featured_media":0,"parent":0,"menu_order":0,"comment_status":"closed","ping_status":"closed","template":"","meta":{"footnotes":""},"_links":{"self":[{"href":"https:\/\/www.urlaub-erlenbach.de\/index.php\/wp-json\/wp\/v2\/pages\/119"}],"collection":[{"href":"https:\/\/www.urlaub-erlenbach.de\/index.php\/wp-json\/wp\/v2\/pages"}],"about":[{"href":"https:\/\/www.urlaub-erlenbach.de\/index.php\/wp-json\/wp\/v2\/types\/page"}],"author":[{"embeddable":true,"href":"https:\/\/www.urlaub-erlenbach.de\/index.php\/wp-json\/wp\/v2\/users\/1"}],"replies":[{"embeddable":true,"href":"https:\/\/www.urlaub-erlenbach.de\/index.php\/wp-json\/wp\/v2\/comments?post=119"}],"version-history":[{"count":6,"href":"https:\/\/www.urlaub-erlenbach.de\/index.php\/wp-json\/wp\/v2\/pages\/119\/revisions"}],"predecessor-version":[{"id":214,"href":"https:\/\/www.urlaub-erlenbach.de\/index.php\/wp-json\/wp\/v2\/pages\/119\/revisions\/214"}],"wp:attachment":[{"href":"https:\/\/www.urlaub-erlenbach.de\/index.php\/wp-json\/wp\/v2\/media?parent=119"}],"curies":[{"name":"wp","href":"https:\/\/api.w.org\/{rel}","templated":true}]}}