{"id":75,"date":"2020-08-13T15:58:24","date_gmt":"2020-08-13T13:58:24","guid":{"rendered":"https:\/\/www1.it-friese.de\/?page_id=75"},"modified":"2020-08-26T18:57:44","modified_gmt":"2020-08-26T16:57:44","slug":"ausfluege","status":"publish","type":"page","link":"https:\/\/www.urlaub-erlenbach.de\/index.php\/ausfluege\/","title":{"rendered":"Ausfl\u00fcge"},"content":{"rendered":"\n<p>Erlenbach liegt direkt an der B8, weshalb die Anbindung zur Autobahn, sowie vielen Ausflugszielen gut erreichbar sind.<\/p>\n\n\n\n<p>In <a href=\"https:\/\/www.urlaub-erlenbach.de\/index.php\/marktheidenfeld\/\" target=\"_blank\" rel=\"noreferrer noopener\">Marktheidenfeld<\/a> (4 km entfernt) befinden sich viele Gesch\u00e4fte und am Main kann man entspannt spazieren gehen oder Rad fahren.<\/p>\n\n\n\n<p><a href=\"https:\/\/www.urlaub-erlenbach.de\/index.php\/kloster-triefenstein\/\">Kloster Triefenstein<\/a> wird von Br\u00fcdern bewohnt und kann auf Anfrage besucht werden.<\/p>\n\n\n\n<p><a href=\"https:\/\/www.urlaub-erlenbach.de\/index.php\/wertheim\/\">Wertheim Village<\/a>, das bekannte Outlet mit vielen Designer-Shops, liegt direkt an der Autobahn. Sein Flair l\u00e4dt schon von Weitem zum Bummeln ein.<\/p>\n\n\n\n<p>Die Stadt <a href=\"https:\/\/www.urlaub-erlenbach.de\/index.php\/wertheim\/\">Wertheim<\/a> liegt malerisch im Taubertal, seine Burg und die G\u00e4sschen erinnern an fr\u00fchere Zeiten. Auf dem Main werden Schiffahrten , unter anderem nach Miltenberg angeboten.<\/p>\n\n\n\n<p><a href=\"https:\/\/www.urlaub-erlenbach.de\/index.php\/wuerzburg\/\">W\u00fcrzburg<\/a> ist das Highlight in unserer Gegend. Die Stadt beeindruckt durch unz\u00e4hlige Sehensw\u00fcrdigkeiten, wie z. B. das Weltkulturerbe Residenz mit dem wundersch\u00f6nen Hofgarten und der Hofkeller mit seinen gro\u00dfen Weinf\u00e4ssern, welche sich unterirdisch befinden.<\/p>\n\n\n\n<p>Die Alte Mainbr\u00fccke ist durch seine &#8222;Br\u00fcckenheiligen&#8220; bekannt. Dort kann man den Br\u00fcckenschoppen in besonderer Atmosph\u00e4re genie\u00dfen. Die Festung  Marienberg ist 100 m oberhalb des Mains gelegen und ein ehemaliges f\u00fcrstbisch\u00f6fliches Schloss, hier kann man das Mainfr\u00e4nkische Museum besuchen und der Ausblick an den Mauern ist gigantisch. <\/p>\n\n\n\n<p>Auf dem Nikolausberg thront das K\u00e4ppele , die wohl bekannteste Wallfahrtskirche, welche von zahlreichen Pilgern frequentiert wird. Bis zu 60 Kirchen befinden sich in der Stadt.<\/p>\n\n\n\n<p>Das historische Falkenhaus mit der Rokoko-Fassade ist eine Sehensw\u00fcrdigkeit auf dem Marktplatz. Der W\u00fcrzburger Nachw\u00e4chter ist ein besonderes Erlebnis auf seinem n\u00e4chtlichen Rundgang mit historischen Erz\u00e4hlungen in fr\u00e4nkischer Mundart.<\/p>\n\n\n\n<p>Der angrenzende <a href=\"https:\/\/www.urlaub-erlenbach.de\/index.php\/naturpark-spessart\/\">Naturpark Spessart<\/a> l\u00e4dt zu Wander- und Radtouren ein. Die nahegelegene Stadt Marktheidenfeld liegt idyllisch zwischen W\u00fcrzburg und Aschaffenburg . Im Erlebnisbad Wonnemar bleibt Zeit zur Entspannen. <\/p>\n\n\n\n<p> <\/p>\n","protected":false},"excerpt":{"rendered":"<p>Erlenbach liegt direkt an der B8, weshalb die Anbindung zur Autobahn, sowie vielen Ausflugszielen gut erreichbar sind. In Marktheidenfeld (4 km entfernt) befinden sich viele Gesch\u00e4fte und am Main kann man entspannt spazieren gehen oder Rad fahren. Kloster Triefenstein wird von Br\u00fcdern bewohnt und kann [&hellip;]<\/p>\n","protected":false},"author":1,"featured_media":0,"parent":0,"menu_order":0,"comment_status":"closed","ping_status":"closed","template":"","meta":{"footnotes":""},"_links":{"self":[{"href":"https:\/\/www.urlaub-erlenbach.de\/index.php\/wp-json\/wp\/v2\/pages\/75"}],"collection":[{"href":"https:\/\/www.urlaub-erlenbach.de\/index.php\/wp-json\/wp\/v2\/pages"}],"about":[{"href":"https:\/\/www.urlaub-erlenbach.de\/index.php\/wp-json\/wp\/v2\/types\/page"}],"author":[{"embeddable":true,"href":"https:\/\/www.urlaub-erlenbach.de\/index.php\/wp-json\/wp\/v2\/users\/1"}],"replies":[{"embeddable":true,"href":"https:\/\/www.urlaub-erlenbach.de\/index.php\/wp-json\/wp\/v2\/comments?post=75"}],"version-history":[{"count":7,"href":"https:\/\/www.urlaub-erlenbach.de\/index.php\/wp-json\/wp\/v2\/pages\/75\/revisions"}],"predecessor-version":[{"id":218,"href":"https:\/\/www.urlaub-erlenbach.de\/index.php\/wp-json\/wp\/v2\/pages\/75\/revisions\/218"}],"wp:attachment":[{"href":"https:\/\/www.urlaub-erlenbach.de\/index.php\/wp-json\/wp\/v2\/media?parent=75"}],"curies":[{"name":"wp","href":"https:\/\/api.w.org\/{rel}","templated":true}]}}